{"id":9,"date":"2015-04-09T15:58:28","date_gmt":"2015-04-09T15:58:28","guid":{"rendered":"http:\/\/chelseek.client.tagonline.com\/?page_id=9"},"modified":"2026-02-15T07:50:03","modified_gmt":"2026-02-15T07:50:03","slug":"home","status":"publish","type":"page","link":"https:\/\/dev.rojas.pe\/dev_chelseek\/wordpress\/","title":{"rendered":"Home"},"content":{"rendered":"<div class=\"n2_clear\"><ss3-force-full-width data-overflow-x=\"body\" data-horizontal-selector=\"body\"><div class=\"n2-section-smartslider fitvidsignore  n2_clear\" data-ssid=\"2\"><div id=\"n2-ss-2-align\" class=\"n2-ss-align\"><div class=\"n2-padding\"><div id=\"n2-ss-2\" data-creator=\"Smart Slider 3\" data-responsive=\"fullwidth\" class=\"n2-ss-slider n2-ow n2-has-hover n2notransition  \">\n\n\n\n<div class=\"n2-ss-slider-wrapper-inside\">\n        <div class=\"n2-ss-slider-1 n2_ss__touch_element n2-ow\">\n            <div class=\"n2-ss-slider-2 n2-ow\">\n                                                <div class=\"n2-ss-slider-3 n2-ow\">\n\n                    <div class=\"n2-ss-slide-backgrounds n2-ow-all\"><div class=\"n2-ss-slide-background\" data-public-id=\"1\" data-mode=\"fill\"><div class=\"n2-ss-slide-background-image\" data-blur=\"0\" data-opacity=\"100\" data-x=\"50\" data-y=\"50\" data-alt=\"\" data-title=\"\"><picture class=\"skip-lazy\" data-skip-lazy=\"1\"><img decoding=\"async\" src=\"\/\/dev.rojas.pe\/dev_chelseek\/wordpress\/wp-content\/uploads\/2017\/04\/17N-slider-image.jpg\" alt=\"\" title=\"\" loading=\"lazy\" class=\"skip-lazy\" data-skip-lazy=\"1\"><\/picture><\/div><div data-color=\"RGBA(255,255,255,0)\" style=\"background-color: RGBA(255,255,255,0);\" class=\"n2-ss-slide-background-color\"><\/div><\/div><div class=\"n2-ss-slide-background\" data-public-id=\"2\" data-mode=\"fill\" aria-hidden=\"true\"><div class=\"n2-ss-slide-background-image\" data-blur=\"0\" data-opacity=\"100\" data-x=\"50\" data-y=\"50\" data-alt=\"\" data-title=\"\"><picture class=\"skip-lazy\" data-skip-lazy=\"1\"><img decoding=\"async\" src=\"\/\/dev.rojas.pe\/dev_chelseek\/wordpress\/wp-content\/uploads\/2015\/04\/homepage-slide-2.jpg\" alt=\"\" title=\"\" loading=\"lazy\" class=\"skip-lazy\" data-skip-lazy=\"1\"><\/picture><\/div><div data-color=\"RGBA(255,255,255,0)\" style=\"background-color: RGBA(255,255,255,0);\" class=\"n2-ss-slide-background-color\"><\/div><\/div><div class=\"n2-ss-slide-background\" data-public-id=\"3\" data-mode=\"fill\" aria-hidden=\"true\"><div class=\"n2-ss-slide-background-image\" data-blur=\"0\" data-opacity=\"100\" data-x=\"50\" data-y=\"50\" data-alt=\"\" data-title=\"\"><picture class=\"skip-lazy\" data-skip-lazy=\"1\"><img decoding=\"async\" src=\"\/\/dev.rojas.pe\/dev_chelseek\/wordpress\/wp-content\/uploads\/2016\/05\/2-7j-kitchen2.jpg\" alt=\"\" title=\"\" loading=\"lazy\" class=\"skip-lazy\" data-skip-lazy=\"1\"><\/picture><\/div><div data-color=\"RGBA(255,255,255,0)\" style=\"background-color: RGBA(255,255,255,0);\" class=\"n2-ss-slide-background-color\"><\/div><\/div><div class=\"n2-ss-slide-background\" data-public-id=\"4\" data-mode=\"fill\" aria-hidden=\"true\"><div class=\"n2-ss-slide-background-image\" data-blur=\"0\" data-opacity=\"100\" data-x=\"50\" data-y=\"50\" data-alt=\"\" data-title=\"\"><picture class=\"skip-lazy\" data-skip-lazy=\"1\"><img decoding=\"async\" src=\"\/\/dev.rojas.pe\/dev_chelseek\/wordpress\/wp-content\/uploads\/2016\/03\/12D-living-dinning-720.jpg\" alt=\"\" title=\"\" loading=\"lazy\" class=\"skip-lazy\" data-skip-lazy=\"1\"><\/picture><\/div><div data-color=\"RGBA(255,255,255,0)\" style=\"background-color: RGBA(255,255,255,0);\" class=\"n2-ss-slide-background-color\"><\/div><\/div><div class=\"n2-ss-slide-background\" data-public-id=\"5\" data-mode=\"fill\" aria-hidden=\"true\"><div class=\"n2-ss-slide-background-image\" data-blur=\"0\" data-opacity=\"100\" data-x=\"50\" data-y=\"50\" data-alt=\"\" data-title=\"\"><picture class=\"skip-lazy\" data-skip-lazy=\"1\"><img decoding=\"async\" src=\"\/\/dev.rojas.pe\/dev_chelseek\/wordpress\/wp-content\/uploads\/2015\/04\/home-slide-11.jpg\" alt=\"\" title=\"\" loading=\"lazy\" class=\"skip-lazy\" data-skip-lazy=\"1\"><\/picture><\/div><div data-color=\"RGBA(255,255,255,0)\" style=\"background-color: RGBA(255,255,255,0);\" class=\"n2-ss-slide-background-color\"><\/div><\/div><\/div>                    <div class=\"n2-ss-slider-4 n2-ow\">\n                        <svg xmlns=\"http:\/\/www.w3.org\/2000\/svg\" viewBox=\"0 0 1200 875\" data-related-device=\"desktopPortrait\" class=\"n2-ow n2-ss-preserve-size n2-ss-preserve-size--slider n2-ss-slide-limiter\"><\/svg><div data-first=\"1\" data-slide-duration=\"0\" data-id=\"3\" data-slide-public-id=\"1\" data-title=\"17N-slider-image\" class=\"n2-ss-slide n2-ow  n2-ss-slide-3\"><div role=\"note\" class=\"n2-ss-slide--focus\" tabindex=\"-1\">17N-slider-image<\/div><div class=\"n2-ss-layers-container n2-ss-slide-limiter n2-ow\"><div class=\"n2-ss-layer n2-ow n-uc-Dnx64WtcdNJ7\" data-sstype=\"slide\" data-pm=\"default\"><\/div><\/div><\/div><div data-slide-duration=\"0\" data-id=\"8\" data-slide-public-id=\"2\" aria-hidden=\"true\" data-title=\"homepage-slide-2\" class=\"n2-ss-slide n2-ow  n2-ss-slide-8\"><div role=\"note\" class=\"n2-ss-slide--focus\" tabindex=\"-1\">homepage-slide-2<\/div><div class=\"n2-ss-layers-container n2-ss-slide-limiter n2-ow\"><div class=\"n2-ss-layer n2-ow n-uc-MCakM7RE6Lfd\" data-sstype=\"slide\" data-pm=\"default\"><\/div><\/div><\/div><div data-slide-duration=\"0\" data-id=\"6\" data-slide-public-id=\"3\" aria-hidden=\"true\" data-title=\"2-7j-kitchen2\" class=\"n2-ss-slide n2-ow  n2-ss-slide-6\"><div role=\"note\" class=\"n2-ss-slide--focus\" tabindex=\"-1\">2-7j-kitchen2<\/div><div class=\"n2-ss-layers-container n2-ss-slide-limiter n2-ow\"><div class=\"n2-ss-layer n2-ow n-uc-cn4gfcRlBZe0\" data-sstype=\"slide\" data-pm=\"default\"><\/div><\/div><\/div><div data-slide-duration=\"0\" data-id=\"5\" data-slide-public-id=\"4\" aria-hidden=\"true\" data-title=\"12D-living-dinning-720\" class=\"n2-ss-slide n2-ow  n2-ss-slide-5\"><div role=\"note\" class=\"n2-ss-slide--focus\" tabindex=\"-1\">12D-living-dinning-720<\/div><div class=\"n2-ss-layers-container n2-ss-slide-limiter n2-ow\"><div class=\"n2-ss-layer n2-ow n-uc-RLw3AITMCIMC\" data-sstype=\"slide\" data-pm=\"default\"><\/div><\/div><\/div><div data-slide-duration=\"0\" data-id=\"7\" data-slide-public-id=\"5\" aria-hidden=\"true\" data-title=\"home-slide-1\" class=\"n2-ss-slide n2-ow  n2-ss-slide-7\"><div role=\"note\" class=\"n2-ss-slide--focus\" tabindex=\"-1\">home-slide-1<\/div><div class=\"n2-ss-layers-container n2-ss-slide-limiter n2-ow\"><div class=\"n2-ss-layer n2-ow n-uc-EWPWQ5z2jD9V\" data-sstype=\"slide\" data-pm=\"default\"><\/div><\/div><\/div>                    <\/div>\n\n                                    <\/div>\n            <\/div>\n        <\/div>\n        <div class=\"n2-ss-slider-controls n2-ss-slider-controls-absolute-left-center\"><div style=\"--widget-offset:15px;\" class=\"n2-ss-widget nextend-arrow n2-ow-all nextend-arrow-previous  nextend-arrow-animated-fade\" data-hide-mobileportrait=\"1\" id=\"n2-ss-2-arrow-previous\" role=\"button\" aria-label=\"previous arrow\" tabindex=\"0\"><img loading=\"lazy\" decoding=\"async\" width=\"32\" height=\"32\" class=\"skip-lazy\" data-skip-lazy=\"1\" src=\"data:image\/svg+xml;base64,PHN2ZyB3aWR0aD0iMzIiIGhlaWdodD0iMzIiIHZpZXdCb3g9IjAgMCAzMiAzMiIgeG1sbnM9Imh0dHA6Ly93d3cudzMub3JnLzIwMDAvc3ZnIj4KICAgIDxwYXRoIGQ9Ik0xMS40MzMgMTUuOTkyTDIyLjY5IDUuNzEyYy4zOTMtLjM5LjM5My0xLjAzIDAtMS40Mi0uMzkzLS4zOS0xLjAzLS4zOS0xLjQyMyAwbC0xMS45OCAxMC45NGMtLjIxLjIxLS4zLjQ5LS4yODUuNzYtLjAxNS4yOC4wNzUuNTYuMjg0Ljc3bDExLjk4IDEwLjk0Yy4zOTMuMzkgMS4wMy4zOSAxLjQyNCAwIC4zOTMtLjQuMzkzLTEuMDMgMC0xLjQybC0xMS4yNTctMTAuMjkiCiAgICAgICAgICBmaWxsPSIjZmZmZmZmIiBvcGFjaXR5PSIwLjgiIGZpbGwtcnVsZT0iZXZlbm9kZCIvPgo8L3N2Zz4=\" alt=\"previous arrow\"><\/div><\/div><div class=\"n2-ss-slider-controls n2-ss-slider-controls-absolute-right-center\"><div style=\"--widget-offset:15px;\" class=\"n2-ss-widget nextend-arrow n2-ow-all nextend-arrow-next  nextend-arrow-animated-fade\" data-hide-mobileportrait=\"1\" id=\"n2-ss-2-arrow-next\" role=\"button\" aria-label=\"next arrow\" tabindex=\"0\"><img loading=\"lazy\" decoding=\"async\" width=\"32\" height=\"32\" class=\"skip-lazy\" data-skip-lazy=\"1\" src=\"data:image\/svg+xml;base64,PHN2ZyB3aWR0aD0iMzIiIGhlaWdodD0iMzIiIHZpZXdCb3g9IjAgMCAzMiAzMiIgeG1sbnM9Imh0dHA6Ly93d3cudzMub3JnLzIwMDAvc3ZnIj4KICAgIDxwYXRoIGQ9Ik0xMC43MjIgNC4yOTNjLS4zOTQtLjM5LTEuMDMyLS4zOS0xLjQyNyAwLS4zOTMuMzktLjM5MyAxLjAzIDAgMS40MmwxMS4yODMgMTAuMjgtMTEuMjgzIDEwLjI5Yy0uMzkzLjM5LS4zOTMgMS4wMiAwIDEuNDIuMzk1LjM5IDEuMDMzLjM5IDEuNDI3IDBsMTIuMDA3LTEwLjk0Yy4yMS0uMjEuMy0uNDkuMjg0LS43Ny4wMTQtLjI3LS4wNzYtLjU1LS4yODYtLjc2TDEwLjcyIDQuMjkzeiIKICAgICAgICAgIGZpbGw9IiNmZmZmZmYiIG9wYWNpdHk9IjAuOCIgZmlsbC1ydWxlPSJldmVub2RkIi8+Cjwvc3ZnPg==\" alt=\"next arrow\"><\/div><\/div><div class=\"n2-ss-slider-controls n2-ss-slider-controls-absolute-right-bottom\"><div style=\"--widget-offset:10px;\" class=\"n2-ss-widget n2-ss-control-bullet n2-ow-all n2-ss-control-bullet-horizontal\"><div class=\" nextend-bullet-bar n2-bar-justify-content-center\" role=\"group\" aria-label=\"Choose slide to display.\"><div class=\"n2-bullet n2-style-785355f374be86c332d4665aae819858-dot \" style=\"visibility:hidden;\"><\/div><\/div><\/div><\/div><\/div><\/div><ss3-loader><\/ss3-loader><\/div><\/div><div class=\"n2_clear\"><\/div><\/div><\/ss3-force-full-width><\/div>\n\n\n<div class=\"wp-block-group has-global-padding is-layout-constrained wp-container-core-group-is-layout-bea02a06 wp-block-group-is-layout-constrained\">\n<p>Established in 2001 as a boutique firm specializing in the sales and rentals of luxury apartments in New York City, Chelseek added its interior design division in 2003 and has since handled all aspects of real estate acquisitions, portfolio management, interior design and residential renovations.<\/p>\n\n\n\n<p><a href=\"https:\/\/dev.rojas.pe\/dev_chelseek\/wordpress\/about\/\" data-type=\"page\" data-id=\"19\">About Chelseek<\/a><\/p>\n\n\n\n<div class=\"wp-block-query max-width: 800px; margin-left: auto; margin-right: has-global-padding is-layout-constrained wp-container-core-query-is-layout-bea02a06 wp-block-query-is-layout-constrained\"><ul class=\"columns-3 wp-block-post-template is-layout-grid wp-container-core-post-template-is-layout-6d3fbd8f wp-block-post-template-is-layout-grid\"><li class=\"wp-block-post post-1302 post type-post status-publish format-standard has-post-thumbnail hentry category-uncategorized\">\n\n<div class=\"wp-block-group has-global-padding is-layout-constrained wp-container-core-group-is-layout-62f9779b wp-block-group-is-layout-constrained\" style=\"padding-top:30px;padding-right:30px;padding-bottom:30px;padding-left:30px\"><h2 class=\"wp-block-post-title\"><a href=\"https:\/\/dev.rojas.pe\/dev_chelseek\/wordpress\/post-de-prueba-3\/\" target=\"_self\" >Post de prueba 3<\/a><\/h2>\n\n<figure style=\"aspect-ratio:1; padding-top:0;padding-bottom:0;margin-top:0;margin-bottom:0;\" class=\"wp-block-post-featured-image\"><img loading=\"lazy\" decoding=\"async\" width=\"300\" height=\"200\" src=\"https:\/\/dev.rojas.pe\/dev_chelseek\/wordpress\/wp-content\/uploads\/2024\/03\/5U_Kitchen_pic-2jpg-300x200.webp\" class=\"attachment-medium size-medium wp-post-image\" alt=\"CHELSEA MERCANTILE 5U Kitchen\" style=\"width:100%;height:100%;object-fit:cover;\" srcset=\"https:\/\/dev.rojas.pe\/dev_chelseek\/wordpress\/wp-content\/uploads\/2024\/03\/5U_Kitchen_pic-2jpg-300x200.webp 300w, https:\/\/dev.rojas.pe\/dev_chelseek\/wordpress\/wp-content\/uploads\/2024\/03\/5U_Kitchen_pic-2jpg-768x512.webp 768w, https:\/\/dev.rojas.pe\/dev_chelseek\/wordpress\/wp-content\/uploads\/2024\/03\/5U_Kitchen_pic-2jpg.webp 1024w\" sizes=\"auto, (max-width: 300px) 100vw, 300px\" \/><\/figure>\n\n<div class=\"wp-block-post-excerpt\"><p class=\"wp-block-post-excerpt__excerpt\">Ac\u00e1 ponemos alg\u00fan contenido mol\u00f3n&#8230; <\/p><\/div>\n\n<a class=\"wp-block-read-more\" href=\"https:\/\/dev.rojas.pe\/dev_chelseek\/wordpress\/post-de-prueba-3\/\" target=\"_self\">Read more<span class=\"screen-reader-text\">: Post de prueba 3<\/span><\/a><\/div>\n\n<\/li><li class=\"wp-block-post post-1300 post type-post status-publish format-standard has-post-thumbnail hentry category-uncategorized\">\n\n<div class=\"wp-block-group has-global-padding is-layout-constrained wp-container-core-group-is-layout-62f9779b wp-block-group-is-layout-constrained\" style=\"padding-top:30px;padding-right:30px;padding-bottom:30px;padding-left:30px\"><h2 class=\"wp-block-post-title\"><a href=\"https:\/\/dev.rojas.pe\/dev_chelseek\/wordpress\/post-de-prueba-2\/\" target=\"_self\" >Post de prueba 2<\/a><\/h2>\n\n<figure style=\"aspect-ratio:1; padding-top:0;padding-bottom:0;margin-top:0;margin-bottom:0;\" class=\"wp-block-post-featured-image\"><img loading=\"lazy\" decoding=\"async\" width=\"300\" height=\"200\" src=\"https:\/\/dev.rojas.pe\/dev_chelseek\/wordpress\/wp-content\/uploads\/2024\/03\/17O__FCampbell-3-300x200.webp\" class=\"attachment-medium size-medium wp-post-image\" alt=\"CHELSEA MERCANTILE 17O Alcove\" style=\"width:100%;height:100%;object-fit:cover;\" srcset=\"https:\/\/dev.rojas.pe\/dev_chelseek\/wordpress\/wp-content\/uploads\/2024\/03\/17O__FCampbell-3-300x200.webp 300w, https:\/\/dev.rojas.pe\/dev_chelseek\/wordpress\/wp-content\/uploads\/2024\/03\/17O__FCampbell-3-768x512.webp 768w, https:\/\/dev.rojas.pe\/dev_chelseek\/wordpress\/wp-content\/uploads\/2024\/03\/17O__FCampbell-3.webp 1024w\" sizes=\"auto, (max-width: 300px) 100vw, 300px\" \/><\/figure>\n\n<div class=\"wp-block-post-excerpt\"><p class=\"wp-block-post-excerpt__excerpt\">Ac\u00e1 ponemos alg\u00fan contenido mol\u00f3n&#8230; <\/p><\/div>\n\n<a class=\"wp-block-read-more\" href=\"https:\/\/dev.rojas.pe\/dev_chelseek\/wordpress\/post-de-prueba-2\/\" target=\"_self\">Read more<span class=\"screen-reader-text\">: Post de prueba 2<\/span><\/a><\/div>\n\n<\/li><li class=\"wp-block-post post-1298 post type-post status-publish format-standard has-post-thumbnail hentry category-uncategorized\">\n\n<div class=\"wp-block-group has-global-padding is-layout-constrained wp-container-core-group-is-layout-62f9779b wp-block-group-is-layout-constrained\" style=\"padding-top:30px;padding-right:30px;padding-bottom:30px;padding-left:30px\"><h2 class=\"wp-block-post-title\"><a href=\"https:\/\/dev.rojas.pe\/dev_chelseek\/wordpress\/post-de-prueba-1\/\" target=\"_self\" >Post de prueba 1<\/a><\/h2>\n\n<figure style=\"aspect-ratio:1; padding-top:0;padding-bottom:0;margin-top:0;margin-bottom:0;\" class=\"wp-block-post-featured-image\"><img loading=\"lazy\" decoding=\"async\" width=\"300\" height=\"200\" src=\"https:\/\/dev.rojas.pe\/dev_chelseek\/wordpress\/wp-content\/uploads\/2023\/06\/350_W_42_41A__FCampbell-3-300x200.jpg\" class=\"attachment-medium size-medium wp-post-image\" alt=\"\" style=\"width:100%;height:100%;object-fit:cover;\" srcset=\"https:\/\/dev.rojas.pe\/dev_chelseek\/wordpress\/wp-content\/uploads\/2023\/06\/350_W_42_41A__FCampbell-3-300x200.jpg 300w, https:\/\/dev.rojas.pe\/dev_chelseek\/wordpress\/wp-content\/uploads\/2023\/06\/350_W_42_41A__FCampbell-3-1024x683.jpg 1024w, https:\/\/dev.rojas.pe\/dev_chelseek\/wordpress\/wp-content\/uploads\/2023\/06\/350_W_42_41A__FCampbell-3-768x512.jpg 768w, https:\/\/dev.rojas.pe\/dev_chelseek\/wordpress\/wp-content\/uploads\/2023\/06\/350_W_42_41A__FCampbell-3-1536x1024.jpg 1536w, https:\/\/dev.rojas.pe\/dev_chelseek\/wordpress\/wp-content\/uploads\/2023\/06\/350_W_42_41A__FCampbell-3.jpg 1800w\" sizes=\"auto, (max-width: 300px) 100vw, 300px\" \/><\/figure>\n\n<div class=\"wp-block-post-excerpt\"><p class=\"wp-block-post-excerpt__excerpt\">Ac\u00e1 ponemos alg\u00fan contenido mol\u00f3n&#8230; <\/p><\/div>\n\n<a class=\"wp-block-read-more\" href=\"https:\/\/dev.rojas.pe\/dev_chelseek\/wordpress\/post-de-prueba-1\/\" target=\"_self\">Read more<span class=\"screen-reader-text\">: Post de prueba 1<\/span><\/a><\/div>\n\n<\/li><\/ul><\/div>\n\n\n\n<div class=\"wp-block-query is-layout-flow wp-block-query-is-layout-flow\"><ul class=\"columns-3 wp-block-post-template is-layout-grid wp-container-core-post-template-is-layout-6d3fbd8f wp-block-post-template-is-layout-grid\"><li class=\"wp-block-post post-1302 post type-post status-publish format-standard has-post-thumbnail hentry category-uncategorized\">\n\n<div class=\"wp-block-group is-layout-flow wp-block-group-is-layout-flow\" style=\"padding-top:30px;padding-right:30px;padding-bottom:30px;padding-left:30px\"><h2 class=\"wp-block-post-title\"><a href=\"https:\/\/dev.rojas.pe\/dev_chelseek\/wordpress\/post-de-prueba-3\/\" target=\"_self\" >Post de prueba 3<\/a><\/h2>\n\n<div class=\"wp-block-post-excerpt\"><p class=\"wp-block-post-excerpt__excerpt\">Ac\u00e1 ponemos alg\u00fan contenido mol\u00f3n&#8230; <\/p><\/div>\n\n<div class=\"wp-block-post-date\"><time datetime=\"2026-01-26T20:44:52+00:00\">January 26, 2026<\/time><\/div><\/div>\n\n<\/li><li class=\"wp-block-post post-1300 post type-post status-publish format-standard has-post-thumbnail hentry category-uncategorized\">\n\n<div class=\"wp-block-group is-layout-flow wp-block-group-is-layout-flow\" style=\"padding-top:30px;padding-right:30px;padding-bottom:30px;padding-left:30px\"><h2 class=\"wp-block-post-title\"><a href=\"https:\/\/dev.rojas.pe\/dev_chelseek\/wordpress\/post-de-prueba-2\/\" target=\"_self\" >Post de prueba 2<\/a><\/h2>\n\n<div class=\"wp-block-post-excerpt\"><p class=\"wp-block-post-excerpt__excerpt\">Ac\u00e1 ponemos alg\u00fan contenido mol\u00f3n&#8230; <\/p><\/div>\n\n<div class=\"wp-block-post-date\"><time datetime=\"2026-01-26T20:34:05+00:00\">January 26, 2026<\/time><\/div><\/div>\n\n<\/li><li class=\"wp-block-post post-1298 post type-post status-publish format-standard has-post-thumbnail hentry category-uncategorized\">\n\n<div class=\"wp-block-group is-layout-flow wp-block-group-is-layout-flow\" style=\"padding-top:30px;padding-right:30px;padding-bottom:30px;padding-left:30px\"><h2 class=\"wp-block-post-title\"><a href=\"https:\/\/dev.rojas.pe\/dev_chelseek\/wordpress\/post-de-prueba-1\/\" target=\"_self\" >Post de prueba 1<\/a><\/h2>\n\n<div class=\"wp-block-post-excerpt\"><p class=\"wp-block-post-excerpt__excerpt\">Ac\u00e1 ponemos alg\u00fan contenido mol\u00f3n&#8230; <\/p><\/div>\n\n<div class=\"wp-block-post-date\"><time datetime=\"2026-01-26T20:33:19+00:00\">January 26, 2026<\/time><\/div><\/div>\n\n<\/li><\/ul><\/div>\n<\/div>\n","protected":false},"excerpt":{"rendered":"<p>Established in 2001 as a boutique firm specializing in the sales and rentals of luxury apartments in New York City, Chelseek added its interior design division in 2003 and has since handled all aspects of real estate acquisitions, portfolio management, interior design and residential renovations. About Chelseek<\/p>\n","protected":false},"author":1,"featured_media":0,"parent":0,"menu_order":0,"comment_status":"open","ping_status":"open","template":"page-no-title","meta":{"footnotes":""},"class_list":["post-9","page","type-page","status-publish","hentry"],"_links":{"self":[{"href":"https:\/\/dev.rojas.pe\/dev_chelseek\/wordpress\/wp-json\/wp\/v2\/pages\/9","targetHints":{"allow":["GET"]}}],"collection":[{"href":"https:\/\/dev.rojas.pe\/dev_chelseek\/wordpress\/wp-json\/wp\/v2\/pages"}],"about":[{"href":"https:\/\/dev.rojas.pe\/dev_chelseek\/wordpress\/wp-json\/wp\/v2\/types\/page"}],"author":[{"embeddable":true,"href":"https:\/\/dev.rojas.pe\/dev_chelseek\/wordpress\/wp-json\/wp\/v2\/users\/1"}],"replies":[{"embeddable":true,"href":"https:\/\/dev.rojas.pe\/dev_chelseek\/wordpress\/wp-json\/wp\/v2\/comments?post=9"}],"version-history":[{"count":27,"href":"https:\/\/dev.rojas.pe\/dev_chelseek\/wordpress\/wp-json\/wp\/v2\/pages\/9\/revisions"}],"predecessor-version":[{"id":1315,"href":"https:\/\/dev.rojas.pe\/dev_chelseek\/wordpress\/wp-json\/wp\/v2\/pages\/9\/revisions\/1315"}],"wp:attachment":[{"href":"https:\/\/dev.rojas.pe\/dev_chelseek\/wordpress\/wp-json\/wp\/v2\/media?parent=9"}],"curies":[{"name":"wp","href":"https:\/\/api.w.org\/{rel}","templated":true}]}}